{"id":6296,"date":"2017-11-08T20:02:26","date_gmt":"2017-11-08T20:02:26","guid":{"rendered":"https:\/\/2016.balancosocialbffc.com.br\/?page_id=6296"},"modified":"2017-11-21T02:18:20","modified_gmt":"2017-11-21T02:18:20","slug":"historia-2","status":"publish","type":"page","link":"https:\/\/2016.balancosocialbffc.com.br\/index.php\/historia-2\/","title":{"rendered":"Hist\u00f3ria"},"content":{"rendered":"<p>[vc_row][vc_column][vc_custom_heading text=&#8221;In\u00edcio&#8221; font_container=&#8221;tag:h2|text_align:left|color:%2360ae0d&#8221; use_theme_fonts=&#8221;yes&#8221;][vc_single_image image=&#8221;6297&#8243; img_size=&#8221;full&#8221; alignment=&#8221;center&#8221;][vc_column_text css=&#8221;.vc_custom_1510171793019{margin-bottom: 10px !important;}&#8221;]<\/p>\n<h4>A BFFC possui mais de 1000 pontos de venda distribu\u00eddos em lojas pr\u00f3prias e franqueadas por todo\u00a0o Brasil.<\/h4>\n<h4>Suas marcas s\u00e3o refer\u00eancia no segmento food service, atendendo milhares de consumidores todos os dias. Com as marcas pr\u00f3prias BOB\u2019S, YOGGI, e as marcas franqueadas Pizza Hut e KFC.<\/h4>\n<p>[\/vc_column_text][vc_empty_space height=&#8221;50px&#8221;][vc_custom_heading text=&#8221;1992&#8243; font_container=&#8221;tag:h2|text_align:left|color:%2360ae0d&#8221; use_theme_fonts=&#8221;yes&#8221;][vc_single_image image=&#8221;6301&#8243; img_size=&#8221;full&#8221; alignment=&#8221;center&#8221;][vc_column_text css=&#8221;.vc_custom_1510171825365{margin-bottom: 10px !important;}&#8221;]<\/p>\n<h4>A hist\u00f3ria da companhia tem in\u00edcio no ano de 1992, em Delaware &#8211; EUA, com o objetivo de realizar negocia\u00e7\u00f5es com empresas na Am\u00e9rica Latina.<\/h4>\n<p>[\/vc_column_text][vc_empty_space height=&#8221;50px&#8221;][vc_custom_heading text=&#8221;1994 &#8211; 1996&#8243; font_container=&#8221;tag:h1|text_align:left|color:%2360ae0d&#8221; use_theme_fonts=&#8221;yes&#8221;][vc_single_image image=&#8221;6304&#8243; img_size=&#8221;full&#8221; alignment=&#8221;center&#8221;][vc_column_text css=&#8221;.vc_custom_1510171964064{margin-bottom: 10px !important;}&#8221;]<\/p>\n<h4>No ano de 1996 o grupo inicia suas opera\u00e7\u00f5es realizando a aquisi\u00e7\u00e3o da rede brasileira de hamb\u00fargueres BOB\u2019S, que na \u00e9poca possu\u00eda apenas 70 pontos de venda.<\/h4>\n<h4>Ainda em 1996, a BFFC adquire as opera\u00e7\u00f5es de hamb\u00fargueres BIG BURGER, com 27 pontos de venda e Mr. Theo, com 8 pontos de venda. Os 35 pontos de vendas foram convertidos para a marca Bob\u2019s nos anos seguintes.<\/h4>\n<p>[\/vc_column_text][vc_empty_space height=&#8221;50px&#8221;][vc_custom_heading text=&#8221;2002&#8243; font_container=&#8221;tag:h1|text_align:left|color:%2360ae0d&#8221; use_theme_fonts=&#8221;yes&#8221;][vc_single_image image=&#8221;6306&#8243; img_size=&#8221;full&#8221; alignment=&#8221;center&#8221;][vc_column_text css=&#8221;.vc_custom_1510172090759{margin-bottom: 10px !important;}&#8221;]<\/p>\n<h4>O ano de 2002 trouxe uma nova perspectiva para o grupo. A chegada da fam\u00edlia Bomeny e do Grupo Forza levaram a compra de todas as a\u00e7\u00f5es do grupo de investimento, tornando-se assim detentores de mais de 70% da companhia.<\/h4>\n<p>[\/vc_column_text][vc_empty_space height=&#8221;50px&#8221;][vc_custom_heading text=&#8221;2005&#8243; font_container=&#8221;tag:h1|text_align:left|color:%2360ae0d&#8221; use_theme_fonts=&#8221;yes&#8221;][vc_single_image image=&#8221;6307&#8243; img_size=&#8221;full&#8221; alignment=&#8221;center&#8221;][vc_column_text css=&#8221;.vc_custom_1510172177941{margin-bottom: 10px !important;}&#8221;]<\/p>\n<h4>Com os olhos para o futuro, os anos seguintes trouxeram novas conquistas. Em 2005 o grupo inaugura a primeira franquia Bob\u2019s em Angola, permanecendo nesta regi\u00e3o at\u00e9 2016.<\/h4>\n<p>[\/vc_column_text][vc_empty_space height=&#8221;50px&#8221;][vc_custom_heading text=&#8221;2006&#8243; font_container=&#8221;tag:h1|text_align:left|color:%2360ae0d&#8221; use_theme_fonts=&#8221;yes&#8221;][vc_single_image image=&#8221;6309&#8243; img_size=&#8221;full&#8221; alignment=&#8221;center&#8221;][vc_column_text css=&#8221;.vc_custom_1510172343709{margin-bottom: 10px !important;}&#8221;]<\/p>\n<h4>Em 2006 Companhia criou no Brasil a holding BFFC do Brasil para aprimorar a gest\u00e3o de seus neg\u00f3cios de ativos pr\u00f3prios, franquias e im\u00f3veis. Com a reestrutura\u00e7\u00e3o, o grupo inicia a explora\u00e7\u00e3o de novas marcas nacionais, regionais e internacionais.<\/h4>\n<p>[\/vc_column_text][vc_empty_space height=&#8221;50px&#8221;][vc_custom_heading text=&#8221;2007&#8243; font_container=&#8221;tag:h1|text_align:left|color:%2360ae0d&#8221; use_theme_fonts=&#8221;yes&#8221;][vc_single_image image=&#8221;6310&#8243; img_size=&#8221;full&#8221; alignment=&#8221;center&#8221;][vc_column_text css=&#8221;.vc_custom_1510592647862{margin-bottom: 10px !important;}&#8221;]<\/p>\n<h4>No ano seguinte, a BFFC adquire 4 opera\u00e7\u00f5es da KFC. Com a nova gest\u00e3o e expertise de mercado, ampliou sua presen\u00e7a para 13 pontos de venda, distribu\u00eddos no Brasil.<\/h4>\n<p>[\/vc_column_text][vc_empty_space height=&#8221;50px&#8221;][vc_custom_heading text=&#8221;2008&#8243; font_container=&#8221;tag:h1|text_align:left|color:%2360ae0d&#8221; use_theme_fonts=&#8221;yes&#8221;][vc_single_image image=&#8221;6312&#8243; img_size=&#8221;full&#8221; alignment=&#8221;center&#8221;][vc_column_text css=&#8221;.vc_custom_1511230638096{margin-bottom: 10px !important;}&#8221;]<\/p>\n<h4 class=\"p1\"><span class=\"s1\">Em 2008 BFFC\u00a0adquire 60% da empresa\u00a0IRB \u2013 Internacional Restaurantes do Brasil, maior franqueado Pizza Hut no Brasil, com 14 pontos de venda na \u00e9poca. Hoje s\u00e3o 37 pontos.<\/span><\/h4>\n<h4>Em outubro de 2008 a BFFC realizou a parceria com a empresa Chilena Gastronomia &amp; Neg\u00f3cios iniciando o desenvolvimento e expans\u00e3o da marca Doggis no Brasil e levando o Bob\u2019s para o Chile.<\/h4>\n<h4>A primeira loja Doggis inaugurada foi na cidade do Rio de Janeiro, em meados de 2009, no Shopping Grande Rio. A marca chilena chegou a ter aqui mais de 20 unidades distribu\u00eddas em doze Estados brasileiros. No Chile a primeira loja aberta foi em Santiago, tamb\u00e9m no mesmo ano, e chegamos a ter 10 restaurantes Bob\u2019s distribu\u00eddos em 3 Estados chilenos. O processo de encerramento da parceira ocorreu durante os primeiros meses de 2017.<\/h4>\n<p>[\/vc_column_text][vc_empty_space height=&#8221;50px&#8221;][vc_custom_heading text=&#8221;2012&#8243; font_container=&#8221;tag:h1|text_align:left|color:%2360ae0d&#8221; use_theme_fonts=&#8221;yes&#8221;][vc_single_image image=&#8221;6314&#8243; img_size=&#8221;full&#8221; alignment=&#8221;center&#8221;][vc_column_text css=&#8221;.vc_custom_1510172771216{margin-bottom: 10px !important;}&#8221;]<\/p>\n<h4>Com a diversifica\u00e7\u00e3o dos neg\u00f3cios dentro do segmento, em 2012 a BFFC adquire a rede de frozen Yogurt YOGGI, hoje com 26 pontos de venda em 8 estados brasileiros.<\/h4>\n<p>[\/vc_column_text][vc_empty_space height=&#8221;50px&#8221;][vc_custom_heading text=&#8221;2013 &#8211; 2014&#8243; font_container=&#8221;tag:h1|text_align:left|color:%2360ae0d&#8221; use_theme_fonts=&#8221;yes&#8221;][vc_single_image image=&#8221;6315&#8243; img_size=&#8221;full&#8221; alignment=&#8221;center&#8221;][vc_column_text css=&#8221;.vc_custom_1510592744883{margin-bottom: 10px !important;}&#8221;]<\/p>\n<h4>Em 2013, a BFFC inaugura a mil\u00e9sima loja franqueada da marca Bob\u2019s.<\/h4>\n<h4>E em 2014, \u00e9 implantado o conceito <strong>NOVA OFERTA BOB\u00b4s<\/strong>, com a reestrutura\u00e7\u00e3o da marca e das lojas. O novo conceito traz muito mais que uma loja moderna, aconchegante, r\u00e1pida e tecnol\u00f3gica, ele tem como base o princ\u00edpio da sustentabilidade, buscando solu\u00e7\u00f5es e processos que visam o uso inteligente de recursos naturais e, consequentemente, a redu\u00e7\u00e3o.<\/h4>\n<h4>Al\u00e9m disso, oferece em seu card\u00e1pio produtos mais naturais e caseiros e d\u00e1 ao cliente flexibilidade para escolher qualquer sandu\u00edche de acordo com a sua fome, colocando ou retirando ingredientes para deixar tudo do jeito que ele quer. Outra grande novidade s\u00e3o os terminais de autoatendimento onde o cliente, com liberdade e agilidade, escolhe o seu combo, monta o seu sandu\u00edche e realiza o pagamento por meio de cart\u00e3o.<\/h4>\n<p>[\/vc_column_text][vc_empty_space height=&#8221;50px&#8221;][vc_custom_heading text=&#8221;2015&#8243; font_container=&#8221;tag:h1|text_align:left|color:%2360ae0d&#8221; use_theme_fonts=&#8221;yes&#8221;][vc_column_text css=&#8221;.vc_custom_1511230695753{margin-bottom: 10px !important;}&#8221;]<\/p>\n<h4 class=\"p1\"><span class=\"s1\">A BFFC fecha o capital na bolsa<\/span><span class=\"s2\">. A mudan\u00e7a proporcionou mais agilidade \u00e0 empresa para tomar decis\u00f5es, acessar financiamentos e reduzir custos operacionais e jur\u00eddicos.<\/span><\/h4>\n<p>[\/vc_column_text][vc_empty_space height=&#8221;50px&#8221;][vc_custom_heading text=&#8221;2016&#8243; font_container=&#8221;tag:h1|text_align:left|color:%2360ae0d&#8221; use_theme_fonts=&#8221;yes&#8221;][vc_single_image image=&#8221;6316&#8243; img_size=&#8221;full&#8221; alignment=&#8221;center&#8221;][vc_column_text css=&#8221;.vc_custom_1510592787509{margin-bottom: 10px !important;}&#8221;]<\/p>\n<h4>A tecnologia norteia as a\u00e7\u00f5es da marca Bob\u2019s em 2016, com o lan\u00e7amento do APP Bob\u2019s e da loja 100% Digital.<\/h4>\n<h4>O aplicativo funciona como um autoatendimento de bolso. Nele os clientes podem fazer os pedidos on line e depois, decidem se retiram na loja f\u00edsica ou recebem por delivery.<\/h4>\n<h4>Na primeira loja 100% digital do Bob\u2019s todos os pedidos ser\u00e3o feitos pelo terminal de autoatendimento ou pelo novo aplicativo do Bob\u2019s.<\/h4>\n<h4>O novo modelo de loja foi implantado no BarraShopping, localizado em um dos principais centros de compra do Rio de Janeiro e proporcionou mais conveni\u00eancia e agilidade, permitindo a customiza\u00e7\u00e3o dos pedidos.<\/h4>\n<h4>Ainda em 2016, a BFFC foi reconhecida como uma das Melhores Empresas para se trabalhar no Varejo, de acordo com o guia Great Place to Work (GPTW). Nesta edi\u00e7\u00e3o \u2013 a primeira do mundo que avalia o segmento de varejo \u2013, a holding est\u00e1 entre as 10 redes com melhores pr\u00e1ticas em gest\u00e3o de talentos do pa\u00eds na categoria \u201cM\u00e9dias Empresas\u201d.<\/h4>\n<p>[\/vc_column_text][\/vc_column][\/vc_row]<\/p>\n","protected":false},"excerpt":{"rendered":"<p>[vc_row][vc_column][vc_custom_heading text=&#8221;In\u00edcio&#8221; font_container=&#8221;tag:h2|text_align:left|color:%2360ae0d&#8221; use_theme_fonts=&#8221;yes&#8221;][vc_single_image image=&#8221;6297&#8243; img_size=&#8221;full&#8221; alignment=&#8221;center&#8221;][vc_column_text css=&#8221;.vc_custom_1510171793019{margin-bottom: 10px !important;}&#8221;] A BFFC possui mais de 1000 pontos de venda distribu\u00eddos em lojas pr\u00f3prias e franqueadas por todo\u00a0o Brasil. Suas marcas s\u00e3o refer\u00eancia no segmento food service, atendendo milhares de consumidores todos os dias. Com as marcas pr\u00f3prias BOB\u2019S, YOGGI, e as marcas franqueadas Pizza Hut [&hellip;]<\/p>\n","protected":false},"author":1,"featured_media":0,"parent":0,"menu_order":0,"comment_status":"open","ping_status":"open","template":"","meta":{"footnotes":""},"class_list":["post-6296","page","type-page","status-publish","hentry"],"_links":{"self":[{"href":"https:\/\/2016.balancosocialbffc.com.br\/index.php\/wp-json\/wp\/v2\/pages\/6296","targetHints":{"allow":["GET"]}}],"collection":[{"href":"https:\/\/2016.balancosocialbffc.com.br\/index.php\/wp-json\/wp\/v2\/pages"}],"about":[{"href":"https:\/\/2016.balancosocialbffc.com.br\/index.php\/wp-json\/wp\/v2\/types\/page"}],"author":[{"embeddable":true,"href":"https:\/\/2016.balancosocialbffc.com.br\/index.php\/wp-json\/wp\/v2\/users\/1"}],"replies":[{"embeddable":true,"href":"https:\/\/2016.balancosocialbffc.com.br\/index.php\/wp-json\/wp\/v2\/comments?post=6296"}],"version-history":[{"count":15,"href":"https:\/\/2016.balancosocialbffc.com.br\/index.php\/wp-json\/wp\/v2\/pages\/6296\/revisions"}],"predecessor-version":[{"id":6325,"href":"https:\/\/2016.balancosocialbffc.com.br\/index.php\/wp-json\/wp\/v2\/pages\/6296\/revisions\/6325"}],"wp:attachment":[{"href":"https:\/\/2016.balancosocialbffc.com.br\/index.php\/wp-json\/wp\/v2\/media?parent=6296"}],"curies":[{"name":"wp","href":"https:\/\/api.w.org\/{rel}","templated":true}]}}